{"id":2785,"date":"2021-02-10T18:54:23","date_gmt":"2021-02-10T17:54:23","guid":{"rendered":"http:\/\/remorques-aquitaine.fr\/locations\/?page_id=2785"},"modified":"2021-02-10T18:55:24","modified_gmt":"2021-02-10T17:55:24","slug":"qui-sommes-nous","status":"publish","type":"page","link":"http:\/\/remorques-aquitaine.fr\/locations\/qui-sommes-nous\/","title":{"rendered":"Qui sommes-nous ?"},"content":{"rendered":"<div id=\"pl-2785\"  class=\"panel-layout\" ><div id=\"pg-2785-0\"  class=\"panel-grid panel-no-style\" ><div id=\"pgc-2785-0-0\"  class=\"panel-grid-cell\" ><div id=\"panel-2785-0-0-0\" class=\"so-panel widget widget_text panel-first-child panel-last-child\" data-index=\"0\" >\t\t\t<div class=\"textwidget\"><p>Remorques Aquitaine est une soci\u00e9t\u00e9 fond\u00e9e en 1995, nous sommes fabricant de remorques fran\u00e7aises que nous vendons, tous nos produits sont garantis 3 ans car fabriqu\u00e9s par nos propres soins et avec passion.<\/p>\n<p>Nous faisons aussi de la location de remorques de tout type et d&rsquo;engins BTP.<\/p>\n<p>N&rsquo;h\u00e9sitez pas \u00e0 nous contacter par mail pour plus d&rsquo;informations ou directement en boutique, nous serons ravis de vous accueillir et de vous pr\u00e9senter nos produits.<\/p>\n<\/div>\n\t\t<\/div><\/div><div id=\"pgc-2785-0-1\"  class=\"panel-grid-cell\" ><div id=\"panel-2785-0-1-0\" class=\"so-panel widget widget_media_image panel-first-child panel-last-child\" data-index=\"1\" ><img width=\"300\" height=\"225\" src=\"http:\/\/remorques-aquitaine.fr\/locations\/wp-content\/uploads\/2020\/09\/Pelle-55T-avec-3-godets-240e-300x225.jpg\" class=\"image wp-image-2741  attachment-medium size-medium\" alt=\"\" loading=\"lazy\" style=\"max-width: 100%; height: auto;\" srcset=\"http:\/\/remorques-aquitaine.fr\/locations\/wp-content\/uploads\/2020\/09\/Pelle-55T-avec-3-godets-240e-300x225.jpg 300w, http:\/\/remorques-aquitaine.fr\/locations\/wp-content\/uploads\/2020\/09\/Pelle-55T-avec-3-godets-240e-1024x768.jpg 1024w, http:\/\/remorques-aquitaine.fr\/locations\/wp-content\/uploads\/2020\/09\/Pelle-55T-avec-3-godets-240e-768x576.jpg 768w, http:\/\/remorques-aquitaine.fr\/locations\/wp-content\/uploads\/2020\/09\/Pelle-55T-avec-3-godets-240e-1536x1152.jpg 1536w, http:\/\/remorques-aquitaine.fr\/locations\/wp-content\/uploads\/2020\/09\/Pelle-55T-avec-3-godets-240e-2048x1536.jpg 2048w, http:\/\/remorques-aquitaine.fr\/locations\/wp-content\/uploads\/2020\/09\/Pelle-55T-avec-3-godets-240e-555x416.jpg 555w, http:\/\/remorques-aquitaine.fr\/locations\/wp-content\/uploads\/2020\/09\/Pelle-55T-avec-3-godets-240e-100x75.jpg 100w, http:\/\/remorques-aquitaine.fr\/locations\/wp-content\/uploads\/2020\/09\/Pelle-55T-avec-3-godets-240e-600x450.jpg 600w\" sizes=\"(max-width: 300px) 100vw, 300px\" \/><\/div><\/div><\/div><\/div>","protected":false},"excerpt":{"rendered":"<p>Remorques Aquitaine est une soci\u00e9t\u00e9 fond\u00e9e en 1995, nous sommes fabricant de remorques fran\u00e7aises que nous vendons, tous nos produits sont garantis 3 ans car fabriqu\u00e9s par nos propres soins et avec passion. Nous faisons aussi de la location de remorques de tout type et d&rsquo;engins BTP. N&rsquo;h\u00e9sitez pas \u00e0 nous contacter par mail pour &hellip;<\/p>\n","protected":false},"author":1,"featured_media":0,"parent":0,"menu_order":0,"comment_status":"closed","ping_status":"closed","template":"","meta":[],"_links":{"self":[{"href":"http:\/\/remorques-aquitaine.fr\/locations\/wp-json\/wp\/v2\/pages\/2785"}],"collection":[{"href":"http:\/\/remorques-aquitaine.fr\/locations\/wp-json\/wp\/v2\/pages"}],"about":[{"href":"http:\/\/remorques-aquitaine.fr\/locations\/wp-json\/wp\/v2\/types\/page"}],"author":[{"embeddable":true,"href":"http:\/\/remorques-aquitaine.fr\/locations\/wp-json\/wp\/v2\/users\/1"}],"replies":[{"embeddable":true,"href":"http:\/\/remorques-aquitaine.fr\/locations\/wp-json\/wp\/v2\/comments?post=2785"}],"version-history":[{"count":4,"href":"http:\/\/remorques-aquitaine.fr\/locations\/wp-json\/wp\/v2\/pages\/2785\/revisions"}],"predecessor-version":[{"id":2790,"href":"http:\/\/remorques-aquitaine.fr\/locations\/wp-json\/wp\/v2\/pages\/2785\/revisions\/2790"}],"wp:attachment":[{"href":"http:\/\/remorques-aquitaine.fr\/locations\/wp-json\/wp\/v2\/media?parent=2785"}],"curies":[{"name":"wp","href":"https:\/\/api.w.org\/{rel}","templated":true}]}}